{"id":10342,"date":"2022-08-01T16:56:30","date_gmt":"2022-08-01T13:56:30","guid":{"rendered":"https:\/\/www.lexacard.com\/product\/lexa-card\/"},"modified":"2023-03-21T22:18:20","modified_gmt":"2023-03-21T19:18:20","slug":"lexa-card","status":"publish","type":"product","link":"https:\/\/www.lexacard.com\/tr\/urun\/lexa-card\/","title":{"rendered":"Lexa Card"},"content":{"rendered":"","protected":false},"excerpt":{"rendered":"<p>Gelece\u011fe bir ad\u0131m daha yak\u0131ns\u0131n\u0131z.<\/p>\n","protected":false},"featured_media":10096,"comment_status":"open","ping_status":"closed","template":"","meta":[],"product_cat":[190],"product_tag":[],"wcpa_form_fields":{"rules":{"pric_overide_base_price":false,"pric_overide_base_price_if_gt_zero":false,"pric_overide_base_price_fully":false,"pric_cal_option_once":false,"pric_use_as_fee":false,"bind_quantity":false,"quantity_bind_formula":false},"fields":[{"type":"statictext","label":"","elementId":"wcpa-statictext-1673035786336","value":"<div class=\"bg-gray p-2\">\n<ul class=\"nav nav-fill navbar-expand bgacik text-capitalize\" id=\"myTab\" role=\"tablist\">\n  <li class=\"nav-item\" role=\"presentation\">\n    <button class=\"nav-link text-capitalize fw-normal active\" id=\"frontfacecard\" data-bs-toggle=\"tab\" data-bs-target=\"#home-tab-pane\" type=\"button\" role=\"tab\" aria-controls=\"home-tab-pane\" aria-selected=\"true\" onClick=\"flipthecard('front')\">Front Face<\/button>\n  <\/li>\n  <li class=\"nav-item\" role=\"presentation\">\n    <button class=\"nav-link text-capitalize fw-normal css-tooltip\" id=\"backfacecard\" data-bs-toggle=\"tab\" data-bs-target=\"#profile-tab-pane\" type=\"button\" role=\"tab\" aria-controls=\"profile-tab-pane\" aria-selected=\"false\" data-tooltip=\"You can customize the back of the card\" tabindex=\"-1\"  onClick=\"flipthecard('back')\">Back Face<\/button>\n  <\/li>\n<\/ul>\n<div class=\"tab-content bgacik\" id=\"myTabContent\">\n  <div class=\"tab-pane fade show active p-1\" id=\"home-tab-pane\" role=\"tabpanel\" aria-labelledby=\"home-tab\" tabindex=\"0\">","inline":true,"pricingType":"fixed","cl_rule":"show","col":6,"relations":false,"form_id":10479,"form_rules":{"pric_cal_option_once":false,"exclude_from_discount":false,"pric_use_as_fee":false,"fee_label":"Fee","render_after_acb":false,"disp_hide_options_price":false}},{"type":"radio-group","elementId":"wcpa-radio-group-1674215044924","label":"Front Face","priceOptions":"different_for_all","pricingType":"fixed","className":"fronthidden","name":"frontface","other_text":"Other","cl_rule":"show","col":6,"values":[{"label":" ","value":" ","price":"","pimage":"","pimage_id":"","pthumb":"","selected":true}],"relations":false,"form_id":10479,"form_rules":{"pric_cal_option_once":false,"exclude_from_discount":false,"pric_use_as_fee":false,"fee_label":"Fee","render_after_acb":false,"disp_hide_options_price":false}},{"type":"text","elementId":"wcpa-text-1673035833223","label":"Name Surname","desc_type":true,"placeholder":"Name Surname","pricingType":"fixed","className":"custominput","name":"namesurnamefront","subtype":"text","minlength":"3","maxlength":"20","cl_rule":"show","col":6,"relations":false,"form_id":10479,"form_rules":{"pric_cal_option_once":false,"exclude_from_discount":false,"pric_use_as_fee":false,"fee_label":"Fee","render_after_acb":false,"disp_hide_options_price":false}},{"type":"text","elementId":"wcpa-text-1673256191699","label":"Position at Company","placeholder":"Position at Company (Optional)","pricingType":"fixed","className":"custominput","name":"positionatcompanyfront","subtype":"text","cl_rule":"show","col":6,"relations":false,"form_id":10479,"form_rules":{"pric_cal_option_once":false,"exclude_from_discount":false,"pric_use_as_fee":false,"fee_label":"Fee","render_after_acb":false,"disp_hide_options_price":false}},{"type":"radio-group","elementId":"wcpa-radio-group-1673300031897","label":"Font Selection","inline":true,"enablePrice":true,"priceOptions":"different_for_all","pricingType":"fixed","className":"choosefont","name":"fontselectionfront","options_tooltip":true,"other_text":"Other","cl_rule":"hide","col":6,"values":[{"label":"Classic","value":"classic","price":"","pimage":"","pimage_id":"","pthumb":"","tooltip":"{\"optionclass\":\"col-md-4\",\"optionlabelclass\":\"classicfont\",\"tooltiplabel\":\"\",\"optioncardbodyclass\":\"pt-4 pb-4\"}"},{"label":"Modern","value":"modern","price":"","pimage":"","pimage_id":"","pthumb":"","tooltip":"{\"optionclass\":\"col-md-4\",\"optionlabelclass\":\"modernfont\",\"tooltiplabel\":\"SUGGESTED\",\"optioncardbodyclass\":\"pt-4 pb-4\"}"},{"label":"Hand Writing","value":"handwriting","price":"","pimage":"","pimage_id":"","pthumb":"","tooltip":"{\"optionclass\":\"col-md-4\",\"optionlabelclass\":\"handwritingfont\",\"tooltiplabel\":\"\",\"optioncardbodyclass\":\"pt-4 pb-4\"}"}],"relations":[{"operator":false,"rules":[]}],"price":0,"form_id":10479,"form_rules":{"pric_cal_option_once":false,"exclude_from_discount":false,"pric_use_as_fee":false,"fee_label":"Fee","render_after_acb":false,"disp_hide_options_price":false}},{"type":"file","elementId":"wcpa-file-1673303809829","label":"Logo","description":"(.svg, .pdf, .eps, .ai, .jpg, .jpeg, .png)","pricingType":"fixed","ajax_upload":true,"uploadsize":"20","className":"custominput","name":"logofront","exts_supported":"svg,pdf,eps,ai,jpg,jpeg,png","custom_style":true,"cl_rule":"show","col":6,"relations":false,"form_id":10479,"form_rules":{"pric_cal_option_once":false,"exclude_from_discount":false,"pric_use_as_fee":false,"fee_label":"Fee","render_after_acb":false,"disp_hide_options_price":false}},{"type":"statictext","label":"Static Text","elementId":"wcpa-statictext-1673988948546","value":"<div class=\"wcpa_helptext fs_13 mb-3\">*It is recommended that only the name and surname be placed on the front of the card and only the logo on the back.<\/div>","pricingType":"fixed","cl_rule":"show","col":6,"relations":false,"form_id":10479,"form_rules":{"pric_cal_option_once":false,"exclude_from_discount":false,"pric_use_as_fee":false,"fee_label":"Fee","render_after_acb":false,"disp_hide_options_price":false}},{"type":"statictext","label":"","elementId":"wcpa-statictext-1673035842255","value":"<\/div>\n  <div class=\"tab-pane fade\" id=\"profile-tab-pane\" role=\"tabpanel\" aria-labelledby=\"profile-tab\" tabindex=\"0\">","inline":true,"pricingType":"fixed","cl_rule":"show","col":6,"relations":false,"form_id":10479,"form_rules":{"pric_cal_option_once":false,"exclude_from_discount":false,"pric_use_as_fee":false,"fee_label":"Fee","render_after_acb":false,"disp_hide_options_price":false}},{"type":"radio-group","elementId":"wcpa-radio-group-1674931004242","label":"Back Face","priceOptions":"different_for_all","pricingType":"fixed","className":"backhidden","name":"radio-group-1674931004242","other_text":"Other","cl_rule":"show","col":6,"values":[{"label":" ","value":" ","price":"","pimage":"","pimage_id":"","pthumb":"","selected":true}],"relations":false,"form_id":10479,"form_rules":{"pric_cal_option_once":false,"exclude_from_discount":false,"pric_use_as_fee":false,"fee_label":"Fee","render_after_acb":false,"disp_hide_options_price":false}},{"type":"text","elementId":"wcpa-text-1673989989345","label":"Name Surname","desc_type":true,"placeholder":"Name Surname","pricingType":"fixed","className":"custominput","name":"namesurnameback","subtype":"text","minlength":"3","maxlength":"20","cl_rule":"show","col":6,"relations":false,"form_id":10479,"form_rules":{"pric_cal_option_once":false,"exclude_from_discount":false,"pric_use_as_fee":false,"fee_label":"Fee","render_after_acb":false,"disp_hide_options_price":false}},{"type":"text","elementId":"wcpa-text-1673989992711","label":"Position at Company","placeholder":"Position at Company (Optional)","pricingType":"fixed","className":"custominput","name":"positionatcompanyback","subtype":"text","cl_rule":"show","col":6,"relations":false,"form_id":10479,"form_rules":{"pric_cal_option_once":false,"exclude_from_discount":false,"pric_use_as_fee":false,"fee_label":"Fee","render_after_acb":false,"disp_hide_options_price":false}},{"type":"radio-group","elementId":"wcpa-radio-group-1673989994191","label":"Font Selection","inline":true,"enablePrice":true,"priceOptions":"different_for_all","pricingType":"fixed","className":"choosefont","name":"fontselectionback","options_tooltip":true,"other_text":"Other","cl_rule":"hide","col":6,"values":[{"label":"Classic","value":"classic","price":"","pimage":"","pimage_id":"","pthumb":"","tooltip":"{\"optionclass\":\"col-md-4\",\"optionlabelclass\":\"classicfont\",\"tooltiplabel\":\"\",\"optioncardbodyclass\":\"pt-4 pb-4\"}"},{"label":"Modern","value":"modern","price":"","pimage":"","pimage_id":"","pthumb":"","tooltip":"{\"optionclass\":\"col-md-4\",\"optionlabelclass\":\"modernfont\",\"tooltiplabel\":\"SUGGESTED\",\"optioncardbodyclass\":\"pt-4 pb-4\"}"},{"label":"Hand Writing","value":"handwriting","price":"","pimage":"","pimage_id":"","pthumb":"","tooltip":"{\"optionclass\":\"col-md-4\",\"optionlabelclass\":\"handwritingfont\",\"tooltiplabel\":\"\",\"optioncardbodyclass\":\"pt-4 pb-4\"}"}],"relations":[{"operator":false,"rules":[]}],"price":0,"form_id":10479,"form_rules":{"pric_cal_option_once":false,"exclude_from_discount":false,"pric_use_as_fee":false,"fee_label":"Fee","render_after_acb":false,"disp_hide_options_price":false}},{"type":"file","elementId":"wcpa-file-1673990163897","label":"Logo","description":"(.svg, .pdf, .eps, .ai, .jpg, .jpeg, .png)","pricingType":"fixed","ajax_upload":true,"uploadsize":"20","className":"custominput","name":"logoback","exts_supported":"svg,pdf,eps,ai,jpg,jpeg,png","custom_style":true,"cl_rule":"show","col":6,"relations":false,"form_id":10479,"form_rules":{"pric_cal_option_once":false,"exclude_from_discount":false,"pric_use_as_fee":false,"fee_label":"Fee","render_after_acb":false,"disp_hide_options_price":false}},{"type":"statictext","label":"Static Text","elementId":"wcpa-statictext-1673990180960","value":"<div class=\"wcpa_helptext fs_13 mb-3\">*It is recommended that only the name and surname be placed on the front of the card and only the logo on the back.<\/div>","pricingType":"fixed","cl_rule":"show","col":6,"relations":false,"form_id":10479,"form_rules":{"pric_cal_option_once":false,"exclude_from_discount":false,"pric_use_as_fee":false,"fee_label":"Fee","render_after_acb":false,"disp_hide_options_price":false}},{"type":"statictext","label":"Static Text","elementId":"wcpa-statictext-1673831878050","value":"<\/div>\n<\/div>","pricingType":"fixed","cl_rule":"show","col":6,"relations":false,"form_id":10479,"form_rules":{"pric_cal_option_once":false,"exclude_from_discount":false,"pric_use_as_fee":false,"fee_label":"Fee","render_after_acb":false,"disp_hide_options_price":false}},{"type":"statictext","label":"Static Text","elementId":"wcpa-statictext-1673989102348","value":"<div class=\"row p-4\"><hr><\/div>","pricingType":"fixed","cl_rule":"show","col":6,"relations":false,"form_id":10479,"form_rules":{"pric_cal_option_once":false,"exclude_from_discount":false,"pric_use_as_fee":false,"fee_label":"Fee","render_after_acb":false,"disp_hide_options_price":false}},{"type":"radio-group","elementId":"wcpa-radio-group-1674215123754","label":"Options","priceOptions":"different_for_all","pricingType":"fixed","className":"optionshidden","name":"options","other_text":"Other","cl_rule":"show","col":6,"values":[{"label":"  ","value":"  ","price":"","pimage":"","pimage_id":"","pthumb":"","selected":true}],"relations":false,"form_id":10479,"form_rules":{"pric_cal_option_once":false,"exclude_from_discount":false,"pric_use_as_fee":false,"fee_label":"Fee","render_after_acb":false,"disp_hide_options_price":false}},{"type":"radio-group","required":true,"elementId":"wcpa-radio-group-1673607311868","label":"Print Color","inline":true,"priceOptions":"different_for_all","pricingType":"fixed","className":"chooseprintcolor","name":"chooseprintcolor","options_tooltip":true,"other_text":"Other","cl_rule":"hide","col":6,"values":[{"label":"Silver","value":"silver","price":"180","pimage":"https:\/\/www.lexacard.com\/wp-content\/uploads\/2022\/12\/360_F_320854192_D3oAI22yNude4hgcYYPjLzufeFl3RZDU.jpg","pimage_id":"10295","pthumb":"https:\/\/www.lexacard.com\/wp-content\/uploads\/2022\/12\/360_F_320854192_D3oAI22yNude4hgcYYPjLzufeFl3RZDU-150x150.jpg","tooltip":"{\"optionclass\":\"col-6\",\"optionlabelclass\":\"silvercolor mt-1 mb-1\",\"tooltiplabel\":\"\",\"optioncardbodyclass\":\"pt-0 pb-0 px-0\",\"imgurl\":\"https:\/\/www.lexacard.com\/wp-content\/uploads\/2022\/12\/360_F_320854192_D3oAI22yNude4hgcYYPjLzufeFl3RZDU-150x96.jpg\"}"},{"label":"Gold","value":"gold","price":"","pimage":"https:\/\/www.lexacard.com\/wp-content\/uploads\/2022\/12\/360_F_266671637_dPfxmyMxK3Rr9jU5f13RYObOdh0r9ocd.jpg","pimage_id":"10293","pthumb":"https:\/\/www.lexacard.com\/wp-content\/uploads\/2022\/12\/360_F_266671637_dPfxmyMxK3Rr9jU5f13RYObOdh0r9ocd-150x150.jpg","tooltip":"{\"optionclass\":\"col-6\",\"optionlabelclass\":\"goldcolor mt-1 mb-1\",\"tooltiplabel\":\"\",\"optioncardbodyclass\":\"pt-0 pb-0 px-0\",\"imgurl\":\"https:\/\/www.lexacard.com\/wp-content\/uploads\/2022\/12\/360_F_266671637_dPfxmyMxK3Rr9jU5f13RYObOdh0r9ocd-150x90.jpg\"}"}],"relations":[{"operator":false,"rules":[]}],"form_id":10479,"form_rules":{"pric_cal_option_once":false,"exclude_from_discount":false,"pric_use_as_fee":false,"fee_label":"Fee","render_after_acb":false,"disp_hide_options_price":false}},{"type":"radio-group","required":true,"elementId":"wcpa-radio-group-1673621505290","label":"QR Code Printing Selection","description":"{\"thedesc\":\"Transfer your information under any circumstances with the QR code to be printed on your card.\"}","inline":true,"enablePrice":true,"priceOptions":"different_for_all","pricingType":"fixed","className":"chooseqrcodeprinting","name":"chooseqrcodeprinting","options_tooltip":true,"other_text":"Other","cl_rule":"hide","col":6,"values":[{"label":"No, I dont want it.","value":"no","price":"","pimage":"https:\/\/www.lexacard.com\/wp-content\/uploads\/2022\/12\/360_F_320854192_D3oAI22yNude4hgcYYPjLzufeFl3RZDU.jpg","pimage_id":"10295","pthumb":"https:\/\/www.lexacard.com\/wp-content\/uploads\/2022\/12\/360_F_320854192_D3oAI22yNude4hgcYYPjLzufeFl3RZDU-150x150.jpg","tooltip":"{\"optionclass\":\"col-6 col-sm-5\",\"optionlabelclass\":\"noqrcode mt-2 mb-2\",\"tooltiplabel\":\"\",\"optioncardbodyclass\":\"pt-3 pb-3 px-1\"}"},{"label":"Yes, I want QR Code","value":"yes","price":"","pimage":"https:\/\/www.lexacard.com\/wp-content\/uploads\/2022\/12\/360_F_266671637_dPfxmyMxK3Rr9jU5f13RYObOdh0r9ocd.jpg","pimage_id":"10293","pthumb":"https:\/\/www.lexacard.com\/wp-content\/uploads\/2022\/12\/360_F_266671637_dPfxmyMxK3Rr9jU5f13RYObOdh0r9ocd-150x150.jpg","tooltip":"{\"optionclass\":\"col-6 col-sm-7\",\"optionlabelclass\":\"yesqrcode mt-2 mb-2\",\"tooltiplabel\":\"SUGGESTED\",\"optioncardbodyclass\":\"pt-3 pb-3 px-1\"}"}],"relations":[{"operator":false,"rules":[]}],"price":0,"form_id":10479,"form_rules":{"pric_cal_option_once":false,"exclude_from_discount":false,"pric_use_as_fee":false,"fee_label":"Fee","render_after_acb":false,"disp_hide_options_price":false}},{"type":"radio-group","required":true,"elementId":"wcpa-radio-group-1673623209875","label":"Extra Spare Card","description":"{\"thedesc\":\"You can add extra same card for lost, deformation or use of different areas.\"}","inline":true,"enablePrice":true,"priceOptions":"different_for_all","pricingType":"fixed","className":"extrasparecard","name":"extrasparecard","options_tooltip":true,"other_text":"Other","cl_rule":"hide","col":6,"values":[{"label":"No, I dont want it.","value":"noextra","price":"","pimage":"https:\/\/www.lexacard.com\/wp-content\/uploads\/2022\/12\/360_F_320854192_D3oAI22yNude4hgcYYPjLzufeFl3RZDU.jpg","pimage_id":"10295","pthumb":"https:\/\/www.lexacard.com\/wp-content\/uploads\/2022\/12\/360_F_320854192_D3oAI22yNude4hgcYYPjLzufeFl3RZDU-150x150.jpg","tooltip":"{\"optionclass\":\"col-6 col-sm-5\",\"optionlabelclass\":\"noextracard mt-2 mb-2\",\"tooltiplabel\":\"\",\"optioncardbodyclass\":\"pt-3 pb-3 px-1\"}"},{"label":"Yes, I want Extra Spare Card","value":"1extracard","price":"89","pimage":"https:\/\/www.lexacard.com\/wp-content\/uploads\/2022\/12\/360_F_266671637_dPfxmyMxK3Rr9jU5f13RYObOdh0r9ocd.jpg","pimage_id":"10293","pthumb":"https:\/\/www.lexacard.com\/wp-content\/uploads\/2022\/12\/360_F_266671637_dPfxmyMxK3Rr9jU5f13RYObOdh0r9ocd-150x150.jpg","tooltip":"{\"optionclass\":\"col-6 col-sm-7\",\"optionlabelclass\":\"1extracard mt-2 mb-2\",\"tooltiplabel\":\"POPULAR\",\"optioncardbodyclass\":\"pt-3 pb-3 px-1\"}"}],"relations":[{"operator":false,"rules":[]}],"price":0,"form_id":10479,"form_rules":{"pric_cal_option_once":false,"exclude_from_discount":false,"pric_use_as_fee":false,"fee_label":"Fee","render_after_acb":false,"disp_hide_options_price":false}},{"type":"statictext","label":"Static Text","elementId":"wcpa-statictext-1673816585229","value":"<div class=\"row p-4\"><hr><\/div>","pricingType":"fixed","cl_rule":"show","col":6,"relations":false,"form_id":10479,"form_rules":{"pric_cal_option_once":false,"exclude_from_discount":false,"pric_use_as_fee":false,"fee_label":"Fee","render_after_acb":false,"disp_hide_options_price":false}},{"type":"checkbox-group","required":true,"elementId":"wcpa-checkbox-group-1673815447044","label":"","priceOptions":"different_for_all","pricingType":"fixed","name":"agreement","other_text":"Other","cl_rule":"show","col":6,"values":[{"label":"I confirm that I am authorized to use the logo\/company name I have specified. ","value":"agreed","price":"","pimage":"","pimage_id":"","pthumb":""}],"relations":false,"form_id":10479,"form_rules":{"pric_cal_option_once":false,"exclude_from_discount":false,"pric_use_as_fee":false,"fee_label":"Fee","render_after_acb":false,"disp_hide_options_price":false}},{"type":"statictext","label":"","elementId":"wcpa-statictext-1673301847596","value":"<\/div>","inline":true,"pricingType":"fixed","cl_rule":"show","col":6,"relations":false,"form_id":10479,"form_rules":{"pric_cal_option_once":false,"exclude_from_discount":false,"pric_use_as_fee":false,"fee_label":"Fee","render_after_acb":false,"disp_hide_options_price":false}}]},"_links":{"self":[{"href":"https:\/\/www.lexacard.com\/tr\/wp-json\/wp\/v2\/product\/10342"}],"collection":[{"href":"https:\/\/www.lexacard.com\/tr\/wp-json\/wp\/v2\/product"}],"about":[{"href":"https:\/\/www.lexacard.com\/tr\/wp-json\/wp\/v2\/types\/product"}],"replies":[{"embeddable":true,"href":"https:\/\/www.lexacard.com\/tr\/wp-json\/wp\/v2\/comments?post=10342"}],"version-history":[{"count":0,"href":"https:\/\/www.lexacard.com\/tr\/wp-json\/wp\/v2\/product\/10342\/revisions"}],"wp:featuredmedia":[{"embeddable":true,"href":"https:\/\/www.lexacard.com\/tr\/wp-json\/wp\/v2\/media\/10096"}],"wp:attachment":[{"href":"https:\/\/www.lexacard.com\/tr\/wp-json\/wp\/v2\/media?parent=10342"}],"wp:term":[{"taxonomy":"product_cat","embeddable":true,"href":"https:\/\/www.lexacard.com\/tr\/wp-json\/wp\/v2\/product_cat?post=10342"},{"taxonomy":"product_tag","embeddable":true,"href":"https:\/\/www.lexacard.com\/tr\/wp-json\/wp\/v2\/product_tag?post=10342"}],"curies":[{"name":"wp","href":"https:\/\/api.w.org\/{rel}","templated":true}]}}